{"id":1078,"date":"2026-01-05T16:55:29","date_gmt":"2026-01-05T16:55:29","guid":{"rendered":"https:\/\/deobleff.com\/?post_type=product&#038;p=1078"},"modified":"2026-01-05T16:55:34","modified_gmt":"2026-01-05T16:55:34","slug":"chamarra-mezclilla-deoble-ff-bolsas-delante-mezclilla-azul-oscuro-v-s-xl","status":"publish","type":"product","link":"https:\/\/deobleff.com\/index.php\/producto\/chamarra-mezclilla-deoble-ff-bolsas-delante-mezclilla-azul-oscuro-v-s-xl\/","title":{"rendered":"CHAMARRA MEZCLILLA DEOBLE FF BOLSAS DELANTE MEZCLILLA AZUL OSCURO V S-XL"},"content":{"rendered":"<p>Prenda estructurada y vers\u00e1til con silueta atemporal, dise\u00f1ada en denim resistente que aporta car\u00e1cter y estilo a cualquier look. Su acabado cl\u00e1sico permite combinarla en todas las temporadas, manteniendo un equilibrio entre funcionalidad y moda.<\/p>\n","protected":false},"excerpt":{"rendered":"<p>CHAMARRA MEZCLILLA DEOBLE FF BOLSAS DELANTE MEZCLILLA AZUL OSCURO V S-XL<\/p>\n","protected":false},"featured_media":747,"comment_status":"closed","ping_status":"closed","template":"","meta":[],"product_brand":[],"product_cat":[30,25],"product_tag":[31],"class_list":{"0":"post-1078","1":"product","2":"type-product","3":"status-publish","4":"has-post-thumbnail","6":"product_cat-mujer","7":"product_cat-pantalon","8":"product_tag-dff1931v","10":"first","11":"instock","12":"shipping-taxable","13":"purchasable","14":"product-type-variable"},"_links":{"self":[{"href":"https:\/\/deobleff.com\/index.php\/wp-json\/wp\/v2\/product\/1078","targetHints":{"allow":["GET"]}}],"collection":[{"href":"https:\/\/deobleff.com\/index.php\/wp-json\/wp\/v2\/product"}],"about":[{"href":"https:\/\/deobleff.com\/index.php\/wp-json\/wp\/v2\/types\/product"}],"replies":[{"embeddable":true,"href":"https:\/\/deobleff.com\/index.php\/wp-json\/wp\/v2\/comments?post=1078"}],"wp:featuredmedia":[{"embeddable":true,"href":"https:\/\/deobleff.com\/index.php\/wp-json\/wp\/v2\/media\/747"}],"wp:attachment":[{"href":"https:\/\/deobleff.com\/index.php\/wp-json\/wp\/v2\/media?parent=1078"}],"wp:term":[{"taxonomy":"product_brand","embeddable":true,"href":"https:\/\/deobleff.com\/index.php\/wp-json\/wp\/v2\/product_brand?post=1078"},{"taxonomy":"product_cat","embeddable":true,"href":"https:\/\/deobleff.com\/index.php\/wp-json\/wp\/v2\/product_cat?post=1078"},{"taxonomy":"product_tag","embeddable":true,"href":"https:\/\/deobleff.com\/index.php\/wp-json\/wp\/v2\/product_tag?post=1078"}],"curies":[{"name":"wp","href":"https:\/\/api.w.org\/{rel}","templated":true}]}}