{"id":1077,"date":"2026-01-05T16:55:29","date_gmt":"2026-01-05T16:55:29","guid":{"rendered":"https:\/\/deobleff.com\/?post_type=product&#038;p=1077"},"modified":"2026-01-05T16:55:34","modified_gmt":"2026-01-05T16:55:34","slug":"pantalon-deoble-ff-straight-fit-3","status":"publish","type":"product","link":"https:\/\/deobleff.com\/index.php\/producto\/pantalon-deoble-ff-straight-fit-3\/","title":{"rendered":"PANTALON DEOBLE FF STRAIGHT FIT"},"content":{"rendered":"<p>Corte recto cl\u00e1sico, vers\u00e1til y elegante para toda ocasi\u00f3n.<\/p>\n","protected":false},"excerpt":{"rendered":"<p>PANTALON DEOBLE FF RECTO MODA MEZCLILLA NEGRO VINTAGE -15<\/p>\n","protected":false},"featured_media":977,"comment_status":"closed","ping_status":"closed","template":"","meta":[],"product_brand":[],"product_cat":[30,25],"product_tag":[46],"class_list":{"0":"post-1077","1":"product","2":"type-product","3":"status-publish","4":"has-post-thumbnail","6":"product_cat-mujer","7":"product_cat-pantalon","8":"product_tag-1337b","10":"first","11":"instock","12":"shipping-taxable","13":"purchasable","14":"product-type-variable"},"_links":{"self":[{"href":"https:\/\/deobleff.com\/index.php\/wp-json\/wp\/v2\/product\/1077","targetHints":{"allow":["GET"]}}],"collection":[{"href":"https:\/\/deobleff.com\/index.php\/wp-json\/wp\/v2\/product"}],"about":[{"href":"https:\/\/deobleff.com\/index.php\/wp-json\/wp\/v2\/types\/product"}],"replies":[{"embeddable":true,"href":"https:\/\/deobleff.com\/index.php\/wp-json\/wp\/v2\/comments?post=1077"}],"wp:featuredmedia":[{"embeddable":true,"href":"https:\/\/deobleff.com\/index.php\/wp-json\/wp\/v2\/media\/977"}],"wp:attachment":[{"href":"https:\/\/deobleff.com\/index.php\/wp-json\/wp\/v2\/media?parent=1077"}],"wp:term":[{"taxonomy":"product_brand","embeddable":true,"href":"https:\/\/deobleff.com\/index.php\/wp-json\/wp\/v2\/product_brand?post=1077"},{"taxonomy":"product_cat","embeddable":true,"href":"https:\/\/deobleff.com\/index.php\/wp-json\/wp\/v2\/product_cat?post=1077"},{"taxonomy":"product_tag","embeddable":true,"href":"https:\/\/deobleff.com\/index.php\/wp-json\/wp\/v2\/product_tag?post=1077"}],"curies":[{"name":"wp","href":"https:\/\/api.w.org\/{rel}","templated":true}]}}